{"id":1274,"date":"2023-04-11T00:20:44","date_gmt":"2023-04-11T00:20:44","guid":{"rendered":"https:\/\/coesld.ca\/?page_id=1274"},"modified":"2025-11-05T16:34:22","modified_gmt":"2025-11-05T16:34:22","slug":"events-conferences","status":"publish","type":"page","link":"https:\/\/coesld.ca\/fr\/events-conferences\/","title":{"rendered":"\u00c9v\u00e9nements et conf\u00e9rences"},"content":{"rendered":"<div data-elementor-type=\"wp-page\" data-elementor-id=\"1274\" class=\"elementor elementor-1274\" data-elementor-post-type=\"page\">\n\t\t\t\t\t\t<section data-dce-background-color=\"#71187D\" data-dce-background-image-url=\"https:\/\/coesld.ca\/wp-content\/uploads\/2022\/08\/123.png\" data-dce-background-overlay-image-url=\"https:\/\/coesld.ca\/wp-content\/uploads\/2022\/07\/Group-44.png\" class=\"elementor-section elementor-top-section elementor-element elementor-element-17cd5b9 elementor-section-stretched elementor-section-boxed elementor-section-height-default elementor-section-height-default\" data-id=\"17cd5b9\" data-element_type=\"section\" data-e-type=\"section\" data-settings=\"{&quot;stretch_section&quot;:&quot;section-stretched&quot;,&quot;background_background&quot;:&quot;classic&quot;}\">\n\t\t\t\t\t\t\t<div class=\"elementor-background-overlay\"><\/div>\n\t\t\t\t\t\t\t<div class=\"elementor-container elementor-column-gap-default\">\n\t\t\t\t\t<div class=\"elementor-column elementor-col-100 elementor-top-column elementor-element elementor-element-64e8951\" data-id=\"64e8951\" data-element_type=\"column\" data-e-type=\"column\">\n\t\t\t<div class=\"elementor-widget-wrap elementor-element-populated\">\n\t\t\t\t\t\t<div class=\"elementor-element elementor-element-5f03f68 elementor-widget elementor-widget-spacer\" data-id=\"5f03f68\" data-element_type=\"widget\" data-e-type=\"widget\" data-widget_type=\"spacer.default\">\n\t\t\t\t<div class=\"elementor-widget-container\">\n\t\t\t\t\t\t\t<div class=\"elementor-spacer\">\n\t\t\t<div class=\"elementor-spacer-inner\"><\/div>\n\t\t<\/div>\n\t\t\t\t\t\t<\/div>\n\t\t\t\t<\/div>\n\t\t\t\t<div data-dce-title-color=\"#FFFFFF\" class=\"elementor-element elementor-element-8636674 elementor-widget elementor-widget-heading\" data-id=\"8636674\" data-element_type=\"widget\" data-e-type=\"widget\" data-widget_type=\"heading.default\">\n\t\t\t\t<div class=\"elementor-widget-container\">\n\t\t\t\t\t<h2 class=\"elementor-heading-title elementor-size-default\">Prochainement:<\/h2>\t\t\t\t<\/div>\n\t\t\t\t<\/div>\n\t\t\t\t<div data-dce-text-color=\"#FFFFFF\" class=\"elementor-element elementor-element-a3c8b25 elementor-widget elementor-widget-text-editor\" data-id=\"a3c8b25\" data-element_type=\"widget\" data-e-type=\"widget\" data-widget_type=\"text-editor.default\">\n\t\t\t\t<div class=\"elementor-widget-container\">\n\t\t\t\t\t\t\t\t\t<p><span style=\"font-weight: 400;\">Restez inform\u00e9s des \u00e9v\u00e8nements \u00e0 venir<\/span><\/p>\t\t\t\t\t\t\t\t<\/div>\n\t\t\t\t<\/div>\n\t\t\t\t<div class=\"elementor-element elementor-element-f574052 elementor-widget elementor-widget-spacer\" data-id=\"f574052\" data-element_type=\"widget\" data-e-type=\"widget\" data-widget_type=\"spacer.default\">\n\t\t\t\t<div class=\"elementor-widget-container\">\n\t\t\t\t\t\t\t<div class=\"elementor-spacer\">\n\t\t\t<div class=\"elementor-spacer-inner\"><\/div>\n\t\t<\/div>\n\t\t\t\t\t\t<\/div>\n\t\t\t\t<\/div>\n\t\t\t\t\t<\/div>\n\t\t<\/div>\n\t\t\t\t\t<\/div>\n\t\t<\/section>\n\t\t\t\t<section class=\"elementor-section elementor-top-section elementor-element elementor-element-7443351 no-underline elementor-section-boxed elementor-section-height-default elementor-section-height-default\" data-id=\"7443351\" data-element_type=\"section\" data-e-type=\"section\">\n\t\t\t\t\t\t<div class=\"elementor-container elementor-column-gap-default\">\n\t\t\t\t\t<div class=\"elementor-column elementor-col-100 elementor-top-column elementor-element elementor-element-fa60617\" data-id=\"fa60617\" data-element_type=\"column\" data-e-type=\"column\">\n\t\t\t<div class=\"elementor-widget-wrap elementor-element-populated\">\n\t\t\t\t\t\t<section class=\"elementor-section elementor-inner-section elementor-element elementor-element-2c7fd86 elementor-section-boxed elementor-section-height-default elementor-section-height-default\" data-id=\"2c7fd86\" data-element_type=\"section\" data-e-type=\"section\">\n\t\t\t\t\t\t<div class=\"elementor-container elementor-column-gap-default\">\n\t\t\t\t\t<div class=\"elementor-column elementor-col-50 elementor-inner-column elementor-element elementor-element-2447400\" data-id=\"2447400\" data-element_type=\"column\" data-e-type=\"column\">\n\t\t\t<div class=\"elementor-widget-wrap elementor-element-populated\">\n\t\t\t\t\t\t<div class=\"elementor-element elementor-element-41a9e79 elementor-widget elementor-widget-heading\" data-id=\"41a9e79\" data-element_type=\"widget\" data-e-type=\"widget\" data-widget_type=\"heading.default\">\n\t\t\t\t<div class=\"elementor-widget-container\">\n\t\t\t\t\t<h2 class=\"elementor-heading-title elementor-size-default\">\u00c9v\u00e9nements pr\u00e9c\u00e9dents<\/h2>\t\t\t\t<\/div>\n\t\t\t\t<\/div>\n\t\t\t\t\t<\/div>\n\t\t<\/div>\n\t\t\t\t<div class=\"elementor-column elementor-col-50 elementor-inner-column elementor-element elementor-element-2b5a09d\" data-id=\"2b5a09d\" data-element_type=\"column\" data-e-type=\"column\">\n\t\t\t<div class=\"elementor-widget-wrap\">\n\t\t\t\t\t\t\t<\/div>\n\t\t<\/div>\n\t\t\t\t\t<\/div>\n\t\t<\/section>\n\t\t\t\t<section class=\"elementor-section elementor-inner-section elementor-element elementor-element-d55b9ad elementor-section-boxed elementor-section-height-default elementor-section-height-default\" data-id=\"d55b9ad\" data-element_type=\"section\" data-e-type=\"section\">\n\t\t\t\t\t\t<div class=\"elementor-container elementor-column-gap-default\">\n\t\t\t\t\t<div class=\"elementor-column elementor-col-100 elementor-inner-column elementor-element elementor-element-f81eb2d\" data-id=\"f81eb2d\" data-element_type=\"column\" data-e-type=\"column\">\n\t\t\t<div class=\"elementor-widget-wrap elementor-element-populated\">\n\t\t\t\t\t\t<div data-dce-text-color=\"#671F78\" data-dce-title-color=\"#671F78\" data-dce-background-image-url=\"https:\/\/coesld.ca\/wp-content\/uploads\/2022\/07\/Path-4.png\" class=\"elementor-element elementor-element-f2db5f9 elementor-widget__width-initial elementor-invisible elementor-widget elementor-widget-ucaddon_sliding_content_box\" data-id=\"f2db5f9\" data-element_type=\"widget\" data-e-type=\"widget\" data-settings=\"{&quot;_animation&quot;:&quot;fadeIn&quot;}\" data-widget_type=\"ucaddon_sliding_content_box.default\">\n\t\t\t\t<div class=\"elementor-widget-container\">\n\t\t\t\t\t\n<!-- start Content Box Sliding Effect -->\n<style>\/* widget: Content Box Sliding Effect *\/\n\n#uc_sliding_content_box_elementor_f2db5f9 {\n\tbox-sizing: border-box;\n    overflow:hidden;\n}\n\n.ue-title\n{\n  font-size:21px;\n  width:100%;\n}\n\n.ue-text\n{\n  width:100%;\n}\n\n.ue-btn-wrapper\n{\n  width:100%;\n}\n\n#uc_sliding_content_box_elementor_f2db5f9 .ue-content-box-inner\n{\n  display:flex;\n  position:relative;\n}\n\n#uc_sliding_content_box_elementor_f2db5f9 .ue-overlay\n{\n  position:absolute;\n  top:0;\n  right:0;\n  left:0;\n  bottom:0;\n}\n\n#uc_sliding_content_box_elementor_f2db5f9 .ue-content-box-wrapper\n{\n  position:relative;\n  width:100%;\n}\n\n#uc_sliding_content_box_elementor_f2db5f9 .ue-bg\n{\n  position:absolute;\n  top:0;\n  right:0;\n  left:0;\n  bottom:0;\n  transition:0.5s;\n}\n\n#uc_sliding_content_box_elementor_f2db5f9:hover .ue-bg\n{\n transform:scale(1.1,1.1);\n}\n\n\n#uc_sliding_content_box_elementor_f2db5f9:hover .moveFromLeft\n{\n  animation: moveFromLeft 0.5s;\n}\n\n#uc_sliding_content_box_elementor_f2db5f9:hover .moveFromRight\n{\n  animation: moveFromRight 0.5s;\n}\n\n#uc_sliding_content_box_elementor_f2db5f9:hover .moveFromBottom\n{\n  animation: moveFromBottom 0.5s;\n}\n\n@-webkit-keyframes moveFromLeft {\n from {\n -webkit-transform: translateX(-100%);\nopacity: 0;\n}\n to {\n -webkit-transform: translateX(0%);\n opacity: 1;\n}\n}\n@-moz-keyframes moveFromLeft {\n from {\n -moz-transform: translateX(-100%);\nopacity: 0;\n}\n to {\n -moz-transform: translateX(0%);\n opacity: 1;\n}\n}\n@-ms-keyframes moveFromLeft {\n from {\n -ms-transform: translateX(-100%);\nopacity: 0;\n}\n to {\n -ms-transform: translateX(0%);\n opacity: 1;\n}\n}\n@-webkit-keyframes moveFromRight {\n from {\n -webkit-transform: translateX(100%);\nopacity: 0;\n}\n to {\n -webkit-transform: translateX(0%);\n opacity: 1;\n}\n}\n@-moz-keyframes moveFromRight {\n from {\n -moz-transform: translateX(100%);\nopacity: 0;\n}\n to {\n -moz-transform: translateX(0%);\n opacity: 1;\n}\n}\n@-ms-keyframes moveFromRight {\n from {\n -ms-transform: translateX(100%);\nopacity: 0;\n}\n to {\n -ms-transform: translateX(0%);\n opacity: 1;\n}\n}\n@-webkit-keyframes moveFromBottom {\n from {\n -webkit-transform: translateY(100%);\nopacity: 0;\n}\n to {\n -webkit-transform: translateY(0%);\n opacity: 1;\n}\n}\n@-moz-keyframes moveFromBottom {\n from {\n -moz-transform: translateY(100%);\nopacity: 0;\n}\n to {\n -moz-transform: translateY(0%);\n opacity: 1;\n}\n}\n@-ms-keyframes moveFromBottom {\n from {\n -ms-transform: translateY(100%);\nopacity: 0;\n}\n to {\n -ms-transform: translateY(0%);\n opacity: 1;\n}\n}\n\n<\/style>\n\n<div class=\"ue-content-box\" id=\"uc_sliding_content_box_elementor_f2db5f9\">\n  <a href=\"#elementor-action%3Aaction%3Dpopup%3Aopen%26settings%3DeyJpZCI6IjE4MjYiLCJ0b2dnbGUiOmZhbHNlfQ%3D%3D\">\n  <div class=\"ue-content-box-inner\">\n    <div class=\"ue-bg\"><\/div>\n    <div class=\"ue-overlay\"><\/div>\n    \n     <div class=\"ue-content-box-wrapper\">\n\t\t<div class=\"ue-title moveFromBottom\">D\u00e9verrouiller les phrases : une m\u00e9thode pour enseigner la compr\u00e9hension de lecture au niveau des phrases<\/div>\t\n\t\t<div class=\"ue-text moveFromLeft\"><p>Avril 2022<\/p><\/div>       \n       \t     <\/div>\n  <\/div>\n  <\/a>\n<\/div>\n<!-- end Content Box Sliding Effect -->\t\t\t\t<\/div>\n\t\t\t\t<\/div>\n\t\t\t\t<div data-dce-text-color=\"#671F78\" data-dce-title-color=\"#671F78\" data-dce-background-image-url=\"https:\/\/coesld.ca\/wp-content\/uploads\/2022\/07\/Path-4.png\" class=\"elementor-element elementor-element-86ffb4a elementor-widget__width-initial elementor-invisible elementor-widget elementor-widget-ucaddon_sliding_content_box\" data-id=\"86ffb4a\" data-element_type=\"widget\" data-e-type=\"widget\" data-settings=\"{&quot;_animation&quot;:&quot;fadeIn&quot;}\" data-widget_type=\"ucaddon_sliding_content_box.default\">\n\t\t\t\t<div class=\"elementor-widget-container\">\n\t\t\t\t\t\n<!-- start Content Box Sliding Effect -->\n<style>\/* widget: Content Box Sliding Effect *\/\n\n#uc_sliding_content_box_elementor_86ffb4a {\n\tbox-sizing: border-box;\n    overflow:hidden;\n}\n\n.ue-title\n{\n  font-size:21px;\n  width:100%;\n}\n\n.ue-text\n{\n  width:100%;\n}\n\n.ue-btn-wrapper\n{\n  width:100%;\n}\n\n#uc_sliding_content_box_elementor_86ffb4a .ue-content-box-inner\n{\n  display:flex;\n  position:relative;\n}\n\n#uc_sliding_content_box_elementor_86ffb4a .ue-overlay\n{\n  position:absolute;\n  top:0;\n  right:0;\n  left:0;\n  bottom:0;\n}\n\n#uc_sliding_content_box_elementor_86ffb4a .ue-content-box-wrapper\n{\n  position:relative;\n  width:100%;\n}\n\n#uc_sliding_content_box_elementor_86ffb4a .ue-bg\n{\n  position:absolute;\n  top:0;\n  right:0;\n  left:0;\n  bottom:0;\n  transition:0.5s;\n}\n\n#uc_sliding_content_box_elementor_86ffb4a:hover .ue-bg\n{\n transform:scale(1.1,1.1);\n}\n\n\n#uc_sliding_content_box_elementor_86ffb4a:hover .moveFromLeft\n{\n  animation: moveFromLeft 0.5s;\n}\n\n#uc_sliding_content_box_elementor_86ffb4a:hover .moveFromRight\n{\n  animation: moveFromRight 0.5s;\n}\n\n#uc_sliding_content_box_elementor_86ffb4a:hover .moveFromBottom\n{\n  animation: moveFromBottom 0.5s;\n}\n\n@-webkit-keyframes moveFromLeft {\n from {\n -webkit-transform: translateX(-100%);\nopacity: 0;\n}\n to {\n -webkit-transform: translateX(0%);\n opacity: 1;\n}\n}\n@-moz-keyframes moveFromLeft {\n from {\n -moz-transform: translateX(-100%);\nopacity: 0;\n}\n to {\n -moz-transform: translateX(0%);\n opacity: 1;\n}\n}\n@-ms-keyframes moveFromLeft {\n from {\n -ms-transform: translateX(-100%);\nopacity: 0;\n}\n to {\n -ms-transform: translateX(0%);\n opacity: 1;\n}\n}\n@-webkit-keyframes moveFromRight {\n from {\n -webkit-transform: translateX(100%);\nopacity: 0;\n}\n to {\n -webkit-transform: translateX(0%);\n opacity: 1;\n}\n}\n@-moz-keyframes moveFromRight {\n from {\n -moz-transform: translateX(100%);\nopacity: 0;\n}\n to {\n -moz-transform: translateX(0%);\n opacity: 1;\n}\n}\n@-ms-keyframes moveFromRight {\n from {\n -ms-transform: translateX(100%);\nopacity: 0;\n}\n to {\n -ms-transform: translateX(0%);\n opacity: 1;\n}\n}\n@-webkit-keyframes moveFromBottom {\n from {\n -webkit-transform: translateY(100%);\nopacity: 0;\n}\n to {\n -webkit-transform: translateY(0%);\n opacity: 1;\n}\n}\n@-moz-keyframes moveFromBottom {\n from {\n -moz-transform: translateY(100%);\nopacity: 0;\n}\n to {\n -moz-transform: translateY(0%);\n opacity: 1;\n}\n}\n@-ms-keyframes moveFromBottom {\n from {\n -ms-transform: translateY(100%);\nopacity: 0;\n}\n to {\n -ms-transform: translateY(0%);\n opacity: 1;\n}\n}\n\n<\/style>\n\n<div class=\"ue-content-box\" id=\"uc_sliding_content_box_elementor_86ffb4a\">\n  <a href=\"#elementor-action%3Aaction%3Dpopup%3Aopen%26settings%3DeyJpZCI6IjE4MjkiLCJ0b2dnbGUiOmZhbHNlfQ%3D%3D\">\n  <div class=\"ue-content-box-inner\">\n    <div class=\"ue-bg\"><\/div>\n    <div class=\"ue-overlay\"><\/div>\n    \n     <div class=\"ue-content-box-wrapper\">\n\t\t<div class=\"ue-title moveFromBottom\">Soutenir l'alphab\u00e9tisation et l'apprentissage acad\u00e9mique chez les \u00e9l\u00e8ves atteints de TDL en classe.<\/div>\t\n\t\t<div class=\"ue-text moveFromLeft\"><p>Janvier 2022<\/p><\/div>       \n       \t     <\/div>\n  <\/div>\n  <\/a>\n<\/div>\n<!-- end Content Box Sliding Effect -->\t\t\t\t<\/div>\n\t\t\t\t<\/div>\n\t\t\t\t<div data-dce-text-color=\"#671F78\" data-dce-title-color=\"#671F78\" data-dce-background-image-url=\"https:\/\/coesld.ca\/wp-content\/uploads\/2022\/07\/Path-4.png\" class=\"elementor-element elementor-element-85bae34 elementor-widget__width-initial elementor-invisible elementor-widget elementor-widget-ucaddon_sliding_content_box\" data-id=\"85bae34\" data-element_type=\"widget\" data-e-type=\"widget\" data-settings=\"{&quot;_animation&quot;:&quot;fadeIn&quot;}\" data-widget_type=\"ucaddon_sliding_content_box.default\">\n\t\t\t\t<div class=\"elementor-widget-container\">\n\t\t\t\t\t\n<!-- start Content Box Sliding Effect -->\n<style>\/* widget: Content Box Sliding Effect *\/\n\n#uc_sliding_content_box_elementor_85bae34 {\n\tbox-sizing: border-box;\n    overflow:hidden;\n}\n\n.ue-title\n{\n  font-size:21px;\n  width:100%;\n}\n\n.ue-text\n{\n  width:100%;\n}\n\n.ue-btn-wrapper\n{\n  width:100%;\n}\n\n#uc_sliding_content_box_elementor_85bae34 .ue-content-box-inner\n{\n  display:flex;\n  position:relative;\n}\n\n#uc_sliding_content_box_elementor_85bae34 .ue-overlay\n{\n  position:absolute;\n  top:0;\n  right:0;\n  left:0;\n  bottom:0;\n}\n\n#uc_sliding_content_box_elementor_85bae34 .ue-content-box-wrapper\n{\n  position:relative;\n  width:100%;\n}\n\n#uc_sliding_content_box_elementor_85bae34 .ue-bg\n{\n  position:absolute;\n  top:0;\n  right:0;\n  left:0;\n  bottom:0;\n  transition:0.5s;\n}\n\n#uc_sliding_content_box_elementor_85bae34:hover .ue-bg\n{\n transform:scale(1.1,1.1);\n}\n\n\n#uc_sliding_content_box_elementor_85bae34:hover .moveFromLeft\n{\n  animation: moveFromLeft 0.5s;\n}\n\n#uc_sliding_content_box_elementor_85bae34:hover .moveFromRight\n{\n  animation: moveFromRight 0.5s;\n}\n\n#uc_sliding_content_box_elementor_85bae34:hover .moveFromBottom\n{\n  animation: moveFromBottom 0.5s;\n}\n\n@-webkit-keyframes moveFromLeft {\n from {\n -webkit-transform: translateX(-100%);\nopacity: 0;\n}\n to {\n -webkit-transform: translateX(0%);\n opacity: 1;\n}\n}\n@-moz-keyframes moveFromLeft {\n from {\n -moz-transform: translateX(-100%);\nopacity: 0;\n}\n to {\n -moz-transform: translateX(0%);\n opacity: 1;\n}\n}\n@-ms-keyframes moveFromLeft {\n from {\n -ms-transform: translateX(-100%);\nopacity: 0;\n}\n to {\n -ms-transform: translateX(0%);\n opacity: 1;\n}\n}\n@-webkit-keyframes moveFromRight {\n from {\n -webkit-transform: translateX(100%);\nopacity: 0;\n}\n to {\n -webkit-transform: translateX(0%);\n opacity: 1;\n}\n}\n@-moz-keyframes moveFromRight {\n from {\n -moz-transform: translateX(100%);\nopacity: 0;\n}\n to {\n -moz-transform: translateX(0%);\n opacity: 1;\n}\n}\n@-ms-keyframes moveFromRight {\n from {\n -ms-transform: translateX(100%);\nopacity: 0;\n}\n to {\n -ms-transform: translateX(0%);\n opacity: 1;\n}\n}\n@-webkit-keyframes moveFromBottom {\n from {\n -webkit-transform: translateY(100%);\nopacity: 0;\n}\n to {\n -webkit-transform: translateY(0%);\n opacity: 1;\n}\n}\n@-moz-keyframes moveFromBottom {\n from {\n -moz-transform: translateY(100%);\nopacity: 0;\n}\n to {\n -moz-transform: translateY(0%);\n opacity: 1;\n}\n}\n@-ms-keyframes moveFromBottom {\n from {\n -ms-transform: translateY(100%);\nopacity: 0;\n}\n to {\n -ms-transform: translateY(0%);\n opacity: 1;\n}\n}\n\n<\/style>\n\n<div class=\"ue-content-box\" id=\"uc_sliding_content_box_elementor_85bae34\">\n  <a href=\"#elementor-action%3Aaction%3Dpopup%3Aopen%26settings%3DeyJpZCI6IjE4MzIiLCJ0b2dnbGUiOmZhbHNlfQ%3D%3D\">\n  <div class=\"ue-content-box-inner\">\n    <div class=\"ue-bg\"><\/div>\n    <div class=\"ue-overlay\"><\/div>\n    \n     <div class=\"ue-content-box-wrapper\">\n\t\t<div class=\"ue-title moveFromBottom\">Relever les d\u00e9fis des \u00e9l\u00e8ves en lecture, en \u00e9criture et en orthographe : il faut une \u00e9quipe<\/div>\t\n\t\t<div class=\"ue-text moveFromLeft\"><p>Mars 2019<\/p><\/div>       \n       \t     <\/div>\n  <\/div>\n  <\/a>\n<\/div>\n<!-- end Content Box Sliding Effect -->\t\t\t\t<\/div>\n\t\t\t\t<\/div>\n\t\t\t\t<div data-dce-text-color=\"#671F78\" data-dce-title-color=\"#671F78\" data-dce-background-image-url=\"https:\/\/coesld.ca\/wp-content\/uploads\/2022\/07\/Path-4.png\" class=\"elementor-element elementor-element-a9747db elementor-widget__width-initial elementor-invisible elementor-widget elementor-widget-ucaddon_sliding_content_box\" data-id=\"a9747db\" data-element_type=\"widget\" data-e-type=\"widget\" data-settings=\"{&quot;_animation&quot;:&quot;fadeIn&quot;}\" data-widget_type=\"ucaddon_sliding_content_box.default\">\n\t\t\t\t<div class=\"elementor-widget-container\">\n\t\t\t\t\t\n<!-- start Content Box Sliding Effect -->\n<style>\/* widget: Content Box Sliding Effect *\/\n\n#uc_sliding_content_box_elementor_a9747db {\n\tbox-sizing: border-box;\n    overflow:hidden;\n}\n\n.ue-title\n{\n  font-size:21px;\n  width:100%;\n}\n\n.ue-text\n{\n  width:100%;\n}\n\n.ue-btn-wrapper\n{\n  width:100%;\n}\n\n#uc_sliding_content_box_elementor_a9747db .ue-content-box-inner\n{\n  display:flex;\n  position:relative;\n}\n\n#uc_sliding_content_box_elementor_a9747db .ue-overlay\n{\n  position:absolute;\n  top:0;\n  right:0;\n  left:0;\n  bottom:0;\n}\n\n#uc_sliding_content_box_elementor_a9747db .ue-content-box-wrapper\n{\n  position:relative;\n  width:100%;\n}\n\n#uc_sliding_content_box_elementor_a9747db .ue-bg\n{\n  position:absolute;\n  top:0;\n  right:0;\n  left:0;\n  bottom:0;\n  transition:0.5s;\n}\n\n#uc_sliding_content_box_elementor_a9747db:hover .ue-bg\n{\n transform:scale(1.1,1.1);\n}\n\n\n#uc_sliding_content_box_elementor_a9747db:hover .moveFromLeft\n{\n  animation: moveFromLeft 0.5s;\n}\n\n#uc_sliding_content_box_elementor_a9747db:hover .moveFromRight\n{\n  animation: moveFromRight 0.5s;\n}\n\n#uc_sliding_content_box_elementor_a9747db:hover .moveFromBottom\n{\n  animation: moveFromBottom 0.5s;\n}\n\n@-webkit-keyframes moveFromLeft {\n from {\n -webkit-transform: translateX(-100%);\nopacity: 0;\n}\n to {\n -webkit-transform: translateX(0%);\n opacity: 1;\n}\n}\n@-moz-keyframes moveFromLeft {\n from {\n -moz-transform: translateX(-100%);\nopacity: 0;\n}\n to {\n -moz-transform: translateX(0%);\n opacity: 1;\n}\n}\n@-ms-keyframes moveFromLeft {\n from {\n -ms-transform: translateX(-100%);\nopacity: 0;\n}\n to {\n -ms-transform: translateX(0%);\n opacity: 1;\n}\n}\n@-webkit-keyframes moveFromRight {\n from {\n -webkit-transform: translateX(100%);\nopacity: 0;\n}\n to {\n -webkit-transform: translateX(0%);\n opacity: 1;\n}\n}\n@-moz-keyframes moveFromRight {\n from {\n -moz-transform: translateX(100%);\nopacity: 0;\n}\n to {\n -moz-transform: translateX(0%);\n opacity: 1;\n}\n}\n@-ms-keyframes moveFromRight {\n from {\n -ms-transform: translateX(100%);\nopacity: 0;\n}\n to {\n -ms-transform: translateX(0%);\n opacity: 1;\n}\n}\n@-webkit-keyframes moveFromBottom {\n from {\n -webkit-transform: translateY(100%);\nopacity: 0;\n}\n to {\n -webkit-transform: translateY(0%);\n opacity: 1;\n}\n}\n@-moz-keyframes moveFromBottom {\n from {\n -moz-transform: translateY(100%);\nopacity: 0;\n}\n to {\n -moz-transform: translateY(0%);\n opacity: 1;\n}\n}\n@-ms-keyframes moveFromBottom {\n from {\n -ms-transform: translateY(100%);\nopacity: 0;\n}\n to {\n -ms-transform: translateY(0%);\n opacity: 1;\n}\n}\n\n<\/style>\n\n<div class=\"ue-content-box\" id=\"uc_sliding_content_box_elementor_a9747db\">\n  <a href=\"#elementor-action%3Aaction%3Dpopup%3Aopen%26settings%3DeyJpZCI6IjM0NTgiLCJ0b2dnbGUiOmZhbHNlfQ%3D%3D\">\n  <div class=\"ue-content-box-inner\">\n    <div class=\"ue-bg\"><\/div>\n    <div class=\"ue-overlay\"><\/div>\n    \n     <div class=\"ue-content-box-wrapper\">\n\t\t<div class=\"ue-title moveFromBottom\">L\u2019affirmation de la neurodiversit\u00e9<\/div>\t\n\t\t<div class=\"ue-text moveFromLeft\"><\/div>       \n       \t     <\/div>\n  <\/div>\n  <\/a>\n<\/div>\n<!-- end Content Box Sliding Effect -->\t\t\t\t<\/div>\n\t\t\t\t<\/div>\n\t\t\t\t<div data-dce-text-color=\"#671F78\" data-dce-title-color=\"#671F78\" data-dce-background-image-url=\"https:\/\/coesld.ca\/wp-content\/uploads\/2022\/07\/Path-4.png\" class=\"elementor-element elementor-element-b3415fe elementor-widget__width-initial elementor-invisible elementor-widget elementor-widget-ucaddon_sliding_content_box\" data-id=\"b3415fe\" data-element_type=\"widget\" data-e-type=\"widget\" data-settings=\"{&quot;_animation&quot;:&quot;fadeIn&quot;}\" data-widget_type=\"ucaddon_sliding_content_box.default\">\n\t\t\t\t<div class=\"elementor-widget-container\">\n\t\t\t\t\t\n<!-- start Content Box Sliding Effect -->\n<style>\/* widget: Content Box Sliding Effect *\/\n\n#uc_sliding_content_box_elementor_b3415fe {\n\tbox-sizing: border-box;\n    overflow:hidden;\n}\n\n.ue-title\n{\n  font-size:21px;\n  width:100%;\n}\n\n.ue-text\n{\n  width:100%;\n}\n\n.ue-btn-wrapper\n{\n  width:100%;\n}\n\n#uc_sliding_content_box_elementor_b3415fe .ue-content-box-inner\n{\n  display:flex;\n  position:relative;\n}\n\n#uc_sliding_content_box_elementor_b3415fe .ue-overlay\n{\n  position:absolute;\n  top:0;\n  right:0;\n  left:0;\n  bottom:0;\n}\n\n#uc_sliding_content_box_elementor_b3415fe .ue-content-box-wrapper\n{\n  position:relative;\n  width:100%;\n}\n\n#uc_sliding_content_box_elementor_b3415fe .ue-bg\n{\n  position:absolute;\n  top:0;\n  right:0;\n  left:0;\n  bottom:0;\n  transition:0.5s;\n}\n\n#uc_sliding_content_box_elementor_b3415fe:hover .ue-bg\n{\n transform:scale(1.1,1.1);\n}\n\n\n#uc_sliding_content_box_elementor_b3415fe:hover .moveFromLeft\n{\n  animation: moveFromLeft 0.5s;\n}\n\n#uc_sliding_content_box_elementor_b3415fe:hover .moveFromRight\n{\n  animation: moveFromRight 0.5s;\n}\n\n#uc_sliding_content_box_elementor_b3415fe:hover .moveFromBottom\n{\n  animation: moveFromBottom 0.5s;\n}\n\n@-webkit-keyframes moveFromLeft {\n from {\n -webkit-transform: translateX(-100%);\nopacity: 0;\n}\n to {\n -webkit-transform: translateX(0%);\n opacity: 1;\n}\n}\n@-moz-keyframes moveFromLeft {\n from {\n -moz-transform: translateX(-100%);\nopacity: 0;\n}\n to {\n -moz-transform: translateX(0%);\n opacity: 1;\n}\n}\n@-ms-keyframes moveFromLeft {\n from {\n -ms-transform: translateX(-100%);\nopacity: 0;\n}\n to {\n -ms-transform: translateX(0%);\n opacity: 1;\n}\n}\n@-webkit-keyframes moveFromRight {\n from {\n -webkit-transform: translateX(100%);\nopacity: 0;\n}\n to {\n -webkit-transform: translateX(0%);\n opacity: 1;\n}\n}\n@-moz-keyframes moveFromRight {\n from {\n -moz-transform: translateX(100%);\nopacity: 0;\n}\n to {\n -moz-transform: translateX(0%);\n opacity: 1;\n}\n}\n@-ms-keyframes moveFromRight {\n from {\n -ms-transform: translateX(100%);\nopacity: 0;\n}\n to {\n -ms-transform: translateX(0%);\n opacity: 1;\n}\n}\n@-webkit-keyframes moveFromBottom {\n from {\n -webkit-transform: translateY(100%);\nopacity: 0;\n}\n to {\n -webkit-transform: translateY(0%);\n opacity: 1;\n}\n}\n@-moz-keyframes moveFromBottom {\n from {\n -moz-transform: translateY(100%);\nopacity: 0;\n}\n to {\n -moz-transform: translateY(0%);\n opacity: 1;\n}\n}\n@-ms-keyframes moveFromBottom {\n from {\n -ms-transform: translateY(100%);\nopacity: 0;\n}\n to {\n -ms-transform: translateY(0%);\n opacity: 1;\n}\n}\n\n<\/style>\n\n<div class=\"ue-content-box\" id=\"uc_sliding_content_box_elementor_b3415fe\">\n  <a href=\"#elementor-action%3Aaction%3Dpopup%3Aopen%26settings%3DeyJpZCI6IjQzMjUiLCJ0b2dnbGUiOmZhbHNlfQ%3D%3D\">\n  <div class=\"ue-content-box-inner\">\n    <div class=\"ue-bg\"><\/div>\n    <div class=\"ue-overlay\"><\/div>\n    \n     <div class=\"ue-content-box-wrapper\">\n\t\t<div class=\"ue-title moveFromBottom\">De la consultation \u00e0 la collaboration : faire en sorte que \u00e7a fonctionne ! <\/div>\t\n\t\t<div class=\"ue-text moveFromLeft\"><p><b>Mai 2025<\/b><\/p><\/div>       \n       \t     <\/div>\n  <\/div>\n  <\/a>\n<\/div>\n<!-- end Content Box Sliding Effect -->\t\t\t\t<\/div>\n\t\t\t\t<\/div>\n\t\t\t\t\t<\/div>\n\t\t<\/div>\n\t\t\t\t\t<\/div>\n\t\t<\/section>\n\t\t\t\t\t<\/div>\n\t\t<\/div>\n\t\t\t\t\t<\/div>\n\t\t<\/section>\n\t\t\t\t<\/div>","protected":false},"excerpt":{"rendered":"<p>Upcoming: Stay Tuned For Upcoming Events Previous Events Unlocking Sentences: A method for teaching sentence-level reading comprehension April 2022 Supporting Literacy and Academic Learning in Students with DLD in the Classroom January 2022 Meeting Students\u2019 Reading, Writing and Spelling Challenges: It takes a team March 2019 Neurodiversity-Affirming Practices Consultation to Collaboration: Making it work! May [&hellip;]<\/p>\n","protected":false},"author":6,"featured_media":0,"parent":0,"menu_order":0,"comment_status":"closed","ping_status":"closed","template":"","meta":{"inline_featured_image":false,"footnotes":""},"class_list":["post-1274","page","type-page","status-publish","hentry"],"_links":{"self":[{"href":"https:\/\/coesld.ca\/fr\/wp-json\/wp\/v2\/pages\/1274","targetHints":{"allow":["GET"]}}],"collection":[{"href":"https:\/\/coesld.ca\/fr\/wp-json\/wp\/v2\/pages"}],"about":[{"href":"https:\/\/coesld.ca\/fr\/wp-json\/wp\/v2\/types\/page"}],"author":[{"embeddable":true,"href":"https:\/\/coesld.ca\/fr\/wp-json\/wp\/v2\/users\/6"}],"replies":[{"embeddable":true,"href":"https:\/\/coesld.ca\/fr\/wp-json\/wp\/v2\/comments?post=1274"}],"version-history":[{"count":196,"href":"https:\/\/coesld.ca\/fr\/wp-json\/wp\/v2\/pages\/1274\/revisions"}],"predecessor-version":[{"id":4483,"href":"https:\/\/coesld.ca\/fr\/wp-json\/wp\/v2\/pages\/1274\/revisions\/4483"}],"wp:attachment":[{"href":"https:\/\/coesld.ca\/fr\/wp-json\/wp\/v2\/media?parent=1274"}],"curies":[{"name":"wp","href":"https:\/\/api.w.org\/{rel}","templated":true}]}}